
{"id":674,"date":"2014-06-12T09:08:32","date_gmt":"2014-06-12T09:08:32","guid":{"rendered":"https:\/\/www.hotelfontana.it\/?page_id=674"},"modified":"2017-03-13T15:40:44","modified_gmt":"2017-03-13T15:40:44","slug":"chambres","status":"publish","type":"page","link":"https:\/\/www.hotelfontana.it\/fr\/chambres\/","title":{"rendered":"Chambres"},"content":{"rendered":"<div class=\"txt-interno\">\r\n<div class=\"bol-interno\">\r\n<h3>R\u00e9servez d\u00e8s maintenant\u00a0!<\/h3>\r\n<div id=\"widgetContainer\"><\/div>\r\n\r\n<\/div>\r\n<\/div>\r\n<div class=\"corpo-2\"><div class=\"colonnaB\">\r\n<div class=\"offerte-interno\">\r\n<h3>Offres sp\u00e9ciales<\/h3>\r\n<div class=\"flexslider\" style=\"width:268px;\"><ul class=\"slides\"><li><a href=\"https:\/\/www.hotelfontana.it\/fr\/offers\/book-stay-venice-advance-save\/\"><img loading=\"lazy\" decoding=\"async\" width=\"268\" height=\"160\" src=\"https:\/\/www.hotelfontana.it\/wp-content\/uploads\/2015\/03\/fontana_early-268x160.jpg\" class=\"attachment-slider_medium size-slider_medium\" alt=\"\" \/><\/a><div class=\"flex-caption\"><div class=\"original-price price-all\"><\/div><div class=\"reducted-price price-all\"><\/div><div class=\"clear\"><\/div><div class=\"clear\"><\/div><div class=\"offer_title\"><a href=\"https:\/\/www.hotelfontana.it\/fr\/offers\/book-stay-venice-advance-save\/\">Book your stay in Venice in advance and save<\/a><\/div><\/div><\/li><li><a href=\"https:\/\/www.hotelfontana.it\/fr\/offers\/tarifs-speciaux-internet\/\"><img loading=\"lazy\" decoding=\"async\" width=\"268\" height=\"160\" src=\"https:\/\/www.hotelfontana.it\/wp-content\/uploads\/2013\/09\/394616844_11c0eacf55_o-268x160.jpg\" class=\"attachment-slider_medium size-slider_medium\" alt=\"\" \/><\/a><div class=\"flex-caption\"><div class=\"original-price price-all\"><\/div><div class=\"reducted-price price-all\"><\/div><div class=\"clear\"><\/div><div class=\"clear\"><\/div><div class=\"offer_title\"><a href=\"https:\/\/www.hotelfontana.it\/fr\/offers\/tarifs-speciaux-internet\/\">Tarifs Sp\u00e9ciaux Internet<\/a><\/div><\/div><\/li><\/ul><\/div>\r\n\r\n<a title=\"Offres Sp\u00e9ciales\" href=\"https:\/\/www.hotelfontana.it\/fr\/offres-speciales\/\">Aller \u00e0 la liste compl\u00e8te \u00bb<\/a>\r\n\r\n<\/div>\r\n<\/div> <div class=\"colonnaA\">\r\n<h1>Chambres<\/h1>\r\nLes <strong>chambres<\/strong> de l\u2019<strong>H\u00f4tel Fontana<\/strong> de <strong>Venise<\/strong> donnent toutes sur San Zaccaria ou sur le campo San Provolo. Elles sont am\u00e9nag\u00e9es dans les \u00e9tages sup\u00e9rieurs d&rsquo;un b\u00e2timent \u00e0 quatre \u00e9tages dot\u00e9 d&rsquo;un <strong> ascenseur<\/strong> ; deux chambres poss\u00e8dent une <strong>terrasse priv\u00e9e<\/strong> et offrent une belle <strong>vue<\/strong> sur l&rsquo;\u00e9glise de San Zaccaria.\r\n\r\nCalmes et baignant dans une atmosph\u00e8re propice \u00e0 la d\u00e9tente, dot\u00e9es de l&rsquo;air conditionn\u00e9, de la <strong> TV par satellite <\/strong>avec les programmes <strong>SKY<\/strong> et du <strong>Wi-Fi<\/strong>, les chambres sont propos\u00e9es en version <strong>simple<\/strong> et <strong> double <\/strong>, avec un <strong>grand lit<\/strong> ou avec des lits jumeaux. Certaines chambres peuvent accueillir jusqu&rsquo;\u00e0 quatre personnes.\r\n\r\n<\/div> <div class=\"colonnaC\">\r\n<div class=\"txt-tipologie\"><a class=\"thickbox\" href=\"https:\/\/www.hotelfontana.it\/wp-content\/uploads\/2014\/05\/fontana_singola.jpg\"><img loading=\"lazy\" decoding=\"async\" class=\"alignnone size-thumbnail wp-image-978\" src=\"https:\/\/www.hotelfontana.it\/wp-content\/uploads\/2014\/05\/fontana_singola-280x186.jpg\" alt=\"fontana_singola\" width=\"280\" height=\"186\" srcset=\"https:\/\/www.hotelfontana.it\/wp-content\/uploads\/2014\/05\/fontana_singola-280x187.jpg 280w, https:\/\/www.hotelfontana.it\/wp-content\/uploads\/2014\/05\/fontana_singola-500x334.jpg 500w, https:\/\/www.hotelfontana.it\/wp-content\/uploads\/2014\/05\/fontana_singola.jpg 1000w\" sizes=\"auto, (max-width: 280px) 100vw, 280px\" \/><\/a><dl><dt>Simple<\/dt><dd>Une chambre pour un s\u00e9jour confortable \u00e0 Venise \u00e0 deux pas de la Place Saint-Marc.<\/dd><\/dl>\r\n<ul>\r\n\t<li>Anti-allergies<\/li>\r\n\t<li>Non-fumeurs<\/li>\r\n\t<li>Avec vue<\/li>\r\n\t<li>T\u00e9l\u00e9phone avec ligne directe<\/li>\r\n\t<li>TV Satellite<\/li>\r\n\t<li>T\u00e9l\u00e9vision LCD\/plasma<\/li>\r\n\t<li>Wi-Fi<\/li>\r\n\t<li>Cha\u00eenes payantes<\/li>\r\n\t<li>Douche<\/li>\r\n\t<li>Air conditionn\u00e9 (individuel)<\/li>\r\n\t<li>Chauffage (individuel)<\/li>\r\n\t<li>S\u00e8che-cheveux<\/li>\r\n<\/ul>\r\n<\/div>\r\n<div class=\"txt-tipologie\"><a class=\"thickbox\" href=\"https:\/\/www.hotelfontana.it\/wp-content\/uploads\/2014\/05\/DSC5671.jpg\"><img loading=\"lazy\" decoding=\"async\" class=\"alignnone size-medium wp-image-633\" src=\"https:\/\/www.hotelfontana.it\/wp-content\/uploads\/2014\/05\/DSC5671-280x197.jpg\" alt=\"_DSC5671\" width=\"280\" height=\"197\" srcset=\"https:\/\/www.hotelfontana.it\/wp-content\/uploads\/2014\/05\/DSC5671-280x197.jpg 280w, https:\/\/www.hotelfontana.it\/wp-content\/uploads\/2014\/05\/DSC5671-500x352.jpg 500w, https:\/\/www.hotelfontana.it\/wp-content\/uploads\/2014\/05\/DSC5671.jpg 840w\" sizes=\"auto, (max-width: 280px) 100vw, 280px\" \/><\/a><dl><dt>\u00c0 grand lit \/ Double<\/dt><dd>Disponible \u00e9galement avec des lits jumeaux, cette chambre est dot\u00e9e de tout le confort. Elle est parfaite pour des vacances \u00e0 Venise. Deux avec terrasse.<\/dd><\/dl>\r\n<ul>\r\n\t<li>Anti-allergies<\/li>\r\n\t<li>Non-fumeurs<\/li>\r\n\t<li>Avec vue<\/li>\r\n\t<li>T\u00e9l\u00e9phone avec ligne directe<\/li>\r\n\t<li>TV Satellite<\/li>\r\n\t<li>T\u00e9l\u00e9vision LCD\/plasma<\/li>\r\n\t<li>Wi-Fi<\/li>\r\n\t<li>Cha\u00eenes payantes<\/li>\r\n\t<li>Douche<\/li>\r\n\t<li>Air conditionn\u00e9 (individuel)<\/li>\r\n\t<li>Chauffage (individuel)<\/li>\r\n\t<li>S\u00e8che-cheveux<\/li>\r\n<\/ul>\r\n<\/div>\r\n<div class=\"txt-tipologie\"><a class=\"thickbox\" href=\"https:\/\/www.hotelfontana.it\/wp-content\/uploads\/2014\/05\/DSC5727.jpg\"><img loading=\"lazy\" decoding=\"async\" class=\"alignnone size-medium wp-image-566\" src=\"https:\/\/www.hotelfontana.it\/wp-content\/uploads\/2014\/05\/DSC5727-280x186.jpg\" alt=\"Triple\" width=\"280\" height=\"186\" srcset=\"https:\/\/www.hotelfontana.it\/wp-content\/uploads\/2014\/05\/DSC5727-280x186.jpg 280w, https:\/\/www.hotelfontana.it\/wp-content\/uploads\/2014\/05\/DSC5727-500x332.jpg 500w, https:\/\/www.hotelfontana.it\/wp-content\/uploads\/2014\/05\/DSC5727.jpg 840w\" sizes=\"auto, (max-width: 280px) 100vw, 280px\" \/><\/a><dl><dt>Triple<\/dt><dd>Une chambre avec lit double ou trois lits s\u00e9par\u00e9s. Id\u00e9ale pour les petites familles.<\/dd><\/dl>\r\n<ul>\r\n\t<li>Anti-allergies<\/li>\r\n\t<li>Non-fumeurs<\/li>\r\n\t<li>Avec vue<\/li>\r\n\t<li>T\u00e9l\u00e9phone avec ligne directe<\/li>\r\n\t<li>TV Satellite<\/li>\r\n\t<li>T\u00e9l\u00e9vision LCD\/plasma<\/li>\r\n\t<li>Wi-Fi<\/li>\r\n\t<li>Cha\u00eenes payantes<\/li>\r\n\t<li>Douche<\/li>\r\n\t<li>Air conditionn\u00e9 (individuel)<\/li>\r\n\t<li>Chauffage (individuel)<\/li>\r\n\t<li>S\u00e8che-cheveux<\/li>\r\n<\/ul>\r\n<\/div>\r\n<div class=\"txt-tipologie\"><a class=\"thickbox\" href=\"https:\/\/www.hotelfontana.it\/wp-content\/uploads\/2014\/05\/DSC5674.jpg\"><img loading=\"lazy\" decoding=\"async\" class=\"alignnone size-medium wp-image-564\" src=\"https:\/\/www.hotelfontana.it\/wp-content\/uploads\/2014\/05\/DSC5674-280x186.jpg\" alt=\"Double\" width=\"280\" height=\"186\" srcset=\"https:\/\/www.hotelfontana.it\/wp-content\/uploads\/2014\/05\/DSC5674-280x186.jpg 280w, https:\/\/www.hotelfontana.it\/wp-content\/uploads\/2014\/05\/DSC5674-500x332.jpg 500w, https:\/\/www.hotelfontana.it\/wp-content\/uploads\/2014\/05\/DSC5674.jpg 840w\" sizes=\"auto, (max-width: 280px) 100vw, 280px\" \/><\/a><dl><dt>Quadruple<\/dt><dd>Une grande chambre qui peut accueillir des familles ou amis en vacances \u00e0 Venise.<\/dd><\/dl>\r\n<ul>\r\n\t<li>Anti-allergies<\/li>\r\n\t<li>Non-fumeurs<\/li>\r\n\t<li>Avec vue<\/li>\r\n\t<li>T\u00e9l\u00e9phone avec ligne directe<\/li>\r\n\t<li>TV Satellite<\/li>\r\n\t<li>T\u00e9l\u00e9vision LCD\/plasma<\/li>\r\n\t<li>Wi-Fi<\/li>\r\n\t<li>Cha\u00eenes payantes<\/li>\r\n\t<li>Douche<\/li>\r\n\t<li>Air conditionn\u00e9 (individuel)<\/li>\r\n\t<li>Chauffage (individuel)<\/li>\r\n\t<li>S\u00e8che-cheveux<\/li>\r\n<\/ul>\r\n<\/div>\r\n<\/div>\r\n\r\n<\/div>","protected":false},"excerpt":{"rendered":"<p>R\u00e9servez d\u00e8s maintenant\u00a0!<\/p>\n","protected":false},"author":25,"featured_media":0,"parent":0,"menu_order":0,"comment_status":"open","ping_status":"open","template":"interna.php","meta":{"footnotes":""},"class_list":["post-674","page","type-page","status-publish","hentry"],"yoast_head":"<!-- This site is optimized with the Yoast SEO plugin v25.6 - https:\/\/yoast.com\/wordpress\/plugins\/seo\/ -->\n<title>Chambres | Hotel Fontana<\/title>\n<meta name=\"description\" content=\"Chambres, Hotel Fontana: h\u00f4tel 3 \u00e9toiles situ\u00e9 dans le centre de Venise pr\u00e8s de la place Saint-Marc.\" \/>\n<meta name=\"robots\" content=\"index, follow, max-snippet:-1, max-image-preview:large, max-video-preview:-1\" \/>\n<link rel=\"canonical\" href=\"https:\/\/www.hotelfontana.it\/fr\/chambres\/\" \/>\n<meta property=\"og:locale\" content=\"fr_FR\" \/>\n<meta property=\"og:type\" content=\"article\" \/>\n<meta property=\"og:title\" content=\"Chambres | Hotel Fontana\" \/>\n<meta property=\"og:description\" content=\"Chambres, Hotel Fontana: h\u00f4tel 3 \u00e9toiles situ\u00e9 dans le centre de Venise pr\u00e8s de la place Saint-Marc.\" \/>\n<meta property=\"og:url\" content=\"https:\/\/www.hotelfontana.it\/fr\/chambres\/\" \/>\n<meta property=\"og:site_name\" content=\"Hotel Fontana\" \/>\n<meta property=\"article:modified_time\" content=\"2017-03-13T15:40:44+00:00\" \/>\n<meta property=\"og:image\" content=\"https:\/\/www.hotelfontana.it\/wp-content\/uploads\/2014\/05\/fontana_singola-280x186.jpg\" \/>\n<meta name=\"twitter:label1\" content=\"Dur\u00e9e de lecture estim\u00e9e\" \/>\n\t<meta name=\"twitter:data1\" content=\"2 minutes\" \/>\n<script type=\"application\/ld+json\" class=\"yoast-schema-graph\">{\"@context\":\"https:\/\/schema.org\",\"@graph\":[{\"@type\":\"WebPage\",\"@id\":\"https:\/\/www.hotelfontana.it\/fr\/chambres\/\",\"url\":\"https:\/\/www.hotelfontana.it\/fr\/chambres\/\",\"name\":\"Chambres | Hotel Fontana\",\"isPartOf\":{\"@id\":\"https:\/\/www.hotelfontana.it\/fr\/#website\"},\"primaryImageOfPage\":{\"@id\":\"https:\/\/www.hotelfontana.it\/fr\/chambres\/#primaryimage\"},\"image\":{\"@id\":\"https:\/\/www.hotelfontana.it\/fr\/chambres\/#primaryimage\"},\"thumbnailUrl\":\"https:\/\/www.hotelfontana.it\/wp-content\/uploads\/2014\/05\/fontana_singola-280x186.jpg\",\"datePublished\":\"2014-06-12T09:08:32+00:00\",\"dateModified\":\"2017-03-13T15:40:44+00:00\",\"description\":\"Chambres, Hotel Fontana: h\u00f4tel 3 \u00e9toiles situ\u00e9 dans le centre de Venise pr\u00e8s de la place Saint-Marc.\",\"breadcrumb\":{\"@id\":\"https:\/\/www.hotelfontana.it\/fr\/chambres\/#breadcrumb\"},\"inLanguage\":\"fr-FR\",\"potentialAction\":[{\"@type\":\"ReadAction\",\"target\":[\"https:\/\/www.hotelfontana.it\/fr\/chambres\/\"]}]},{\"@type\":\"ImageObject\",\"inLanguage\":\"fr-FR\",\"@id\":\"https:\/\/www.hotelfontana.it\/fr\/chambres\/#primaryimage\",\"url\":\"https:\/\/www.hotelfontana.it\/wp-content\/uploads\/2014\/05\/fontana_singola-280x186.jpg\",\"contentUrl\":\"https:\/\/www.hotelfontana.it\/wp-content\/uploads\/2014\/05\/fontana_singola-280x186.jpg\"},{\"@type\":\"BreadcrumbList\",\"@id\":\"https:\/\/www.hotelfontana.it\/fr\/chambres\/#breadcrumb\",\"itemListElement\":[{\"@type\":\"ListItem\",\"position\":1,\"name\":\"Home\",\"item\":\"https:\/\/www.hotelfontana.it\/fr\/\"},{\"@type\":\"ListItem\",\"position\":2,\"name\":\"Chambres\"}]},{\"@type\":\"WebSite\",\"@id\":\"https:\/\/www.hotelfontana.it\/fr\/#website\",\"url\":\"https:\/\/www.hotelfontana.it\/fr\/\",\"name\":\"Hotel Fontana\",\"description\":\"\",\"potentialAction\":[{\"@type\":\"SearchAction\",\"target\":{\"@type\":\"EntryPoint\",\"urlTemplate\":\"https:\/\/www.hotelfontana.it\/fr\/?s={search_term_string}\"},\"query-input\":{\"@type\":\"PropertyValueSpecification\",\"valueRequired\":true,\"valueName\":\"search_term_string\"}}],\"inLanguage\":\"fr-FR\"}]}<\/script>\n<!-- \/ Yoast SEO plugin. -->","yoast_head_json":{"title":"Chambres | Hotel Fontana","description":"Chambres, Hotel Fontana: h\u00f4tel 3 \u00e9toiles situ\u00e9 dans le centre de Venise pr\u00e8s de la place Saint-Marc.","robots":{"index":"index","follow":"follow","max-snippet":"max-snippet:-1","max-image-preview":"max-image-preview:large","max-video-preview":"max-video-preview:-1"},"canonical":"https:\/\/www.hotelfontana.it\/fr\/chambres\/","og_locale":"fr_FR","og_type":"article","og_title":"Chambres | Hotel Fontana","og_description":"Chambres, Hotel Fontana: h\u00f4tel 3 \u00e9toiles situ\u00e9 dans le centre de Venise pr\u00e8s de la place Saint-Marc.","og_url":"https:\/\/www.hotelfontana.it\/fr\/chambres\/","og_site_name":"Hotel Fontana","article_modified_time":"2017-03-13T15:40:44+00:00","og_image":[{"url":"https:\/\/www.hotelfontana.it\/wp-content\/uploads\/2014\/05\/fontana_singola-280x186.jpg","type":"","width":"","height":""}],"twitter_misc":{"Dur\u00e9e de lecture estim\u00e9e":"2 minutes"},"schema":{"@context":"https:\/\/schema.org","@graph":[{"@type":"WebPage","@id":"https:\/\/www.hotelfontana.it\/fr\/chambres\/","url":"https:\/\/www.hotelfontana.it\/fr\/chambres\/","name":"Chambres | Hotel Fontana","isPartOf":{"@id":"https:\/\/www.hotelfontana.it\/fr\/#website"},"primaryImageOfPage":{"@id":"https:\/\/www.hotelfontana.it\/fr\/chambres\/#primaryimage"},"image":{"@id":"https:\/\/www.hotelfontana.it\/fr\/chambres\/#primaryimage"},"thumbnailUrl":"https:\/\/www.hotelfontana.it\/wp-content\/uploads\/2014\/05\/fontana_singola-280x186.jpg","datePublished":"2014-06-12T09:08:32+00:00","dateModified":"2017-03-13T15:40:44+00:00","description":"Chambres, Hotel Fontana: h\u00f4tel 3 \u00e9toiles situ\u00e9 dans le centre de Venise pr\u00e8s de la place Saint-Marc.","breadcrumb":{"@id":"https:\/\/www.hotelfontana.it\/fr\/chambres\/#breadcrumb"},"inLanguage":"fr-FR","potentialAction":[{"@type":"ReadAction","target":["https:\/\/www.hotelfontana.it\/fr\/chambres\/"]}]},{"@type":"ImageObject","inLanguage":"fr-FR","@id":"https:\/\/www.hotelfontana.it\/fr\/chambres\/#primaryimage","url":"https:\/\/www.hotelfontana.it\/wp-content\/uploads\/2014\/05\/fontana_singola-280x186.jpg","contentUrl":"https:\/\/www.hotelfontana.it\/wp-content\/uploads\/2014\/05\/fontana_singola-280x186.jpg"},{"@type":"BreadcrumbList","@id":"https:\/\/www.hotelfontana.it\/fr\/chambres\/#breadcrumb","itemListElement":[{"@type":"ListItem","position":1,"name":"Home","item":"https:\/\/www.hotelfontana.it\/fr\/"},{"@type":"ListItem","position":2,"name":"Chambres"}]},{"@type":"WebSite","@id":"https:\/\/www.hotelfontana.it\/fr\/#website","url":"https:\/\/www.hotelfontana.it\/fr\/","name":"Hotel Fontana","description":"","potentialAction":[{"@type":"SearchAction","target":{"@type":"EntryPoint","urlTemplate":"https:\/\/www.hotelfontana.it\/fr\/?s={search_term_string}"},"query-input":{"@type":"PropertyValueSpecification","valueRequired":true,"valueName":"search_term_string"}}],"inLanguage":"fr-FR"}]}},"publishpress_future_action":{"enabled":false,"date":"2026-04-26 04:45:05","action":"change-status","newStatus":"draft","terms":[],"taxonomy":"translation_priority","extraData":[]},"publishpress_future_workflow_manual_trigger":{"enabledWorkflows":[]},"_links":{"self":[{"href":"https:\/\/www.hotelfontana.it\/fr\/wp-json\/wp\/v2\/pages\/674","targetHints":{"allow":["GET"]}}],"collection":[{"href":"https:\/\/www.hotelfontana.it\/fr\/wp-json\/wp\/v2\/pages"}],"about":[{"href":"https:\/\/www.hotelfontana.it\/fr\/wp-json\/wp\/v2\/types\/page"}],"author":[{"embeddable":true,"href":"https:\/\/www.hotelfontana.it\/fr\/wp-json\/wp\/v2\/users\/25"}],"replies":[{"embeddable":true,"href":"https:\/\/www.hotelfontana.it\/fr\/wp-json\/wp\/v2\/comments?post=674"}],"version-history":[{"count":5,"href":"https:\/\/www.hotelfontana.it\/fr\/wp-json\/wp\/v2\/pages\/674\/revisions"}],"predecessor-version":[{"id":1036,"href":"https:\/\/www.hotelfontana.it\/fr\/wp-json\/wp\/v2\/pages\/674\/revisions\/1036"}],"wp:attachment":[{"href":"https:\/\/www.hotelfontana.it\/fr\/wp-json\/wp\/v2\/media?parent=674"}],"curies":[{"name":"wp","href":"https:\/\/api.w.org\/{rel}","templated":true}]}}