
{"id":676,"date":"2014-06-12T09:09:26","date_gmt":"2014-06-12T09:09:26","guid":{"rendered":"https:\/\/www.hotelfontana.it\/?page_id=676"},"modified":"2017-03-13T15:41:16","modified_gmt":"2017-03-13T15:41:16","slug":"habitaciones","status":"publish","type":"page","link":"https:\/\/www.hotelfontana.it\/es\/habitaciones\/","title":{"rendered":"Habitaciones"},"content":{"rendered":"<div class=\"txt-interno\">\r\n<div class=\"bol-interno\"><h3>Reserve ahora<\/h3><div id=\"widgetContainer\"><\/div><\/div>\r\n<\/div>\r\n<div class=\"corpo-2\">\r\n<div class=\"colonnaB\">\r\n<div class=\"offerte-interno\">\r\n<h3>Ofertas especiales<\/h3>\r\n<div class=\"flexslider\" style=\"width:268px;\"><ul class=\"slides\"><li><a href=\"https:\/\/www.hotelfontana.it\/es\/offers\/book-stay-venice-advance-save\/\"><img loading=\"lazy\" decoding=\"async\" width=\"268\" height=\"160\" src=\"https:\/\/www.hotelfontana.it\/wp-content\/uploads\/2015\/03\/fontana_early-268x160.jpg\" class=\"attachment-slider_medium size-slider_medium\" alt=\"\" \/><\/a><div class=\"flex-caption\"><div class=\"original-price price-all\"><\/div><div class=\"reducted-price price-all\"><\/div><div class=\"clear\"><\/div><div class=\"clear\"><\/div><div class=\"offer_title\"><a href=\"https:\/\/www.hotelfontana.it\/es\/offers\/book-stay-venice-advance-save\/\">Book your stay in Venice in advance and save<\/a><\/div><\/div><\/li><li><a href=\"https:\/\/www.hotelfontana.it\/es\/offers\/tarifas-especiales-para-internet\/\"><img loading=\"lazy\" decoding=\"async\" width=\"268\" height=\"160\" src=\"https:\/\/www.hotelfontana.it\/wp-content\/uploads\/2013\/09\/394616844_11c0eacf55_o-268x160.jpg\" class=\"attachment-slider_medium size-slider_medium\" alt=\"\" \/><\/a><div class=\"flex-caption\"><div class=\"original-price price-all\"><\/div><div class=\"reducted-price price-all\"><\/div><div class=\"clear\"><\/div><div class=\"clear\"><\/div><div class=\"offer_title\"><a href=\"https:\/\/www.hotelfontana.it\/es\/offers\/tarifas-especiales-para-internet\/\">Tarifas Especiales para Internet<\/a><\/div><\/div><\/li><\/ul><\/div>\r\n<p><a href=\"https:\/\/www.hotelfontana.it\/es\/ofertas-especiales\/\" title=\"Ofertas especiales\">Ir a la lista completa \u00bb<\/a><\/p>\r\n<\/div>\r\n<\/div> <div class=\"colonnaA\">\r\n<h1>Habitaciones<\/h1>\r\n<p>Las <strong>habitaciones<\/strong> del <strong>Hotel Fontana<\/strong> de <strong>Venecia<\/strong>, todas con vistas a San Zaccaria o al campo San Provolo, se encuentran en las plantas superiores de un edificio de cuatro plantas con <strong>ascensor<\/strong>; dos de ellas ofrecen <strong>terraza privada<\/strong> y <strong>vistas<\/strong> a la Iglesia de San Zaccaria.<\/p>\r\n<p>Tranquilas y envueltas en una \u2019atm\u00f3sfera de calma, equipadas con aire acondicionado, <strong>TV v\u00eda sat\u00e9lite <\/strong>con <strong>SKY<\/strong> y <strong>Wi-Fi<\/strong>, las habitaciones est\u00e1n disponibles como <strong>individuales<\/strong> y <strong>dobles<\/strong>, <strong>matrimoniales<\/strong>, y con camas individuales. Algunas tienen capacidad para hasta cuatro personas. <\/p>\r\n<\/div> <div class=\"colonnaC\">\r\n<div class=\"txt-tipologie\">\r\n<a class=\"thickbox\" href=\"https:\/\/www.hotelfontana.it\/wp-content\/uploads\/2014\/05\/fontana_singola.jpg\"><img loading=\"lazy\" decoding=\"async\" src=\"https:\/\/www.hotelfontana.it\/wp-content\/uploads\/2014\/05\/fontana_singola-280x186.jpg\" alt=\"fontana_singola\" width=\"280\" height=\"186\" class=\"alignnone size-thumbnail wp-image-978\" srcset=\"https:\/\/www.hotelfontana.it\/wp-content\/uploads\/2014\/05\/fontana_singola-280x187.jpg 280w, https:\/\/www.hotelfontana.it\/wp-content\/uploads\/2014\/05\/fontana_singola-500x334.jpg 500w, https:\/\/www.hotelfontana.it\/wp-content\/uploads\/2014\/05\/fontana_singola.jpg 1000w\" sizes=\"auto, (max-width: 280px) 100vw, 280px\" \/><\/a>\r\n<dl>\r\n<dt>Individual <\/dt>\r\n<dd>Habitaci\u00f3n para una estancia c\u00f3moda en Venecia cerca de Piazza San Marco.<\/dd>\r\n<\/dl>\r\n<ul>\r\n<li>Hipoalerg\u00e9nica<\/li>\r\n<li>No fumadores<\/li>\r\n<li>Con vistas<\/li>\r\n<li>Tel\u00e9fono directo<\/li>\r\n<li>TV v\u00eda sat\u00e9lite<\/li>\r\n<li>TV LCD\/plasma<\/li>\r\n<li>Sky<\/li>\r\n<li>Pago por visi\u00f3n<\/li>\r\n<li>Ducha<\/li>\r\n<li>Aire acondicionado (regulable)<\/li>\r\n<li>Calefacci\u00f3n (regulable)<\/li>\r\n<li>Secador de pelo (si se solicita)<\/li>\r\n<\/ul>\r\n<\/div>\r\n<div class=\"txt-tipologie\">\r\n<a class=\"thickbox\" href=\"https:\/\/www.hotelfontana.it\/wp-content\/uploads\/2014\/05\/DSC5671.jpg\"><img loading=\"lazy\" decoding=\"async\" src=\"https:\/\/www.hotelfontana.it\/wp-content\/uploads\/2014\/05\/DSC5671-280x197.jpg\" alt=\"_DSC5671\" width=\"280\" height=\"197\" class=\"alignnone size-medium wp-image-633\" srcset=\"https:\/\/www.hotelfontana.it\/wp-content\/uploads\/2014\/05\/DSC5671-280x197.jpg 280w, https:\/\/www.hotelfontana.it\/wp-content\/uploads\/2014\/05\/DSC5671-500x352.jpg 500w, https:\/\/www.hotelfontana.it\/wp-content\/uploads\/2014\/05\/DSC5671.jpg 840w\" sizes=\"auto, (max-width: 280px) 100vw, 280px\" \/><\/a>\r\n<dl>\r\n<dt>Matrimonial\/doble<\/dt>\r\n<dd>Habitaci\u00f3n equipada con todo tipo de comodidades perfecta para unas vacaciones en Venecia, tambi\u00e9n disponible con camas individuales. Dos con terraza. <\/dd>\r\n<\/dl>\r\n<ul>\r\n<li>Hipoalerg\u00e9nica<\/li>\r\n<li>No fumadores<\/li>\r\n<li>Con vistas<\/li>\r\n<li>Tel\u00e9fono directo<\/li>\r\n<li>TV v\u00eda sat\u00e9lite<\/li>\r\n<li>TV LCD\/plasma<\/li>\r\n<li>Sky<\/li>\r\n<li>Pago por visi\u00f3n<\/li>\r\n<li>Ducha<\/li>\r\n<li>Aire acondicionado (regulable)<\/li>\r\n<li>Calefacci\u00f3n (regulable)<\/li>\r\n<li>Secador de pelo (si se solicita)<\/li>\r\n<\/ul>\r\n<\/div>\r\n<div class=\"txt-tipologie\">\r\n<a class=\"thickbox\" href=\"https:\/\/www.hotelfontana.it\/wp-content\/uploads\/2014\/05\/DSC5727.jpg\"><img loading=\"lazy\" decoding=\"async\" src=\"https:\/\/www.hotelfontana.it\/wp-content\/uploads\/2014\/05\/DSC5727-280x186.jpg\" alt=\"Triple\" width=\"280\" height=\"186\" class=\"alignnone size-medium wp-image-566\" srcset=\"https:\/\/www.hotelfontana.it\/wp-content\/uploads\/2014\/05\/DSC5727-280x186.jpg 280w, https:\/\/www.hotelfontana.it\/wp-content\/uploads\/2014\/05\/DSC5727-500x332.jpg 500w, https:\/\/www.hotelfontana.it\/wp-content\/uploads\/2014\/05\/DSC5727.jpg 840w\" sizes=\"auto, (max-width: 280px) 100vw, 280px\" \/><\/a>\r\n<dl>\r\n<dt>Triple <\/dt>\r\n<dd>Habitaci\u00f3n con cama de matrimonio o con 3 camas individuales. Perfecta para familias peque\u00f1as.<\/dd>\r\n<\/dl>\r\n<ul>\r\n<li>Hipoalerg\u00e9nica<\/li>\r\n<li>No fumadores<\/li>\r\n<li>Con vistas<\/li>\r\n<li>Tel\u00e9fono directo<\/li>\r\n<li>TV v\u00eda sat\u00e9lite<\/li>\r\n<li>TV LCD\/plasma<\/li>\r\n<li>Sky<\/li>\r\n<li>Pago por visi\u00f3n<\/li>\r\n<li>Ducha<\/li>\r\n<li>Aire acondicionado (regulable)<\/li>\r\n<li>Calefacci\u00f3n (regulable)<\/li>\r\n<li>Secador de pelo (si se solicita)<\/li>\r\n<\/ul>\r\n<\/div>\r\n<div class=\"txt-tipologie\">\r\n<a class=\"thickbox\" href=\"https:\/\/www.hotelfontana.it\/wp-content\/uploads\/2014\/05\/DSC5674.jpg\"><img loading=\"lazy\" decoding=\"async\" src=\"https:\/\/www.hotelfontana.it\/wp-content\/uploads\/2014\/05\/DSC5674-280x186.jpg\" alt=\"Doble\" width=\"280\" height=\"186\" class=\"alignnone size-medium wp-image-564\" srcset=\"https:\/\/www.hotelfontana.it\/wp-content\/uploads\/2014\/05\/DSC5674-280x186.jpg 280w, https:\/\/www.hotelfontana.it\/wp-content\/uploads\/2014\/05\/DSC5674-500x332.jpg 500w, https:\/\/www.hotelfontana.it\/wp-content\/uploads\/2014\/05\/DSC5674.jpg 840w\" sizes=\"auto, (max-width: 280px) 100vw, 280px\" \/><\/a>\r\n<dl>\r\n<dt>Cu\u00e1druple<\/dt>\r\n<dd>Habitaci\u00f3n grande para acomodar a grupos familiares o de amigos de vacaciones en Venecia. <\/dd>\r\n<\/dl>\r\n<ul>\r\n<li>Hipoalerg\u00e9nica<\/li>\r\n<li>No fumadores<\/li>\r\n<li>Con vistas<\/li>\r\n<li>Tel\u00e9fono directo<\/li>\r\n<li>TV v\u00eda sat\u00e9lite<\/li>\r\n<li>TV LCD\/plasma<\/li>\r\n<li>Sky<\/li>\r\n<li>Pago por visi\u00f3n<\/li>\r\n<li>Ducha<\/li>\r\n<li>Aire acondicionado (regulable)<\/li>\r\n<li>Calefacci\u00f3n (regulable)<\/li>\r\n<li>Secador de pelo (si se solicita)<\/li>\r\n<\/ul>\r\n<\/div>\r\n<\/div>\r\n<\/div>","protected":false},"excerpt":{"rendered":"<p>Reserve ahora<\/p>\n","protected":false},"author":25,"featured_media":0,"parent":0,"menu_order":0,"comment_status":"open","ping_status":"open","template":"interna.php","meta":{"footnotes":""},"class_list":["post-676","page","type-page","status-publish","hentry"],"yoast_head":"<!-- This site is optimized with the Yoast SEO plugin v25.6 - https:\/\/yoast.com\/wordpress\/plugins\/seo\/ -->\n<title>Habitaciones | Hotel Fontana<\/title>\n<meta name=\"description\" content=\"Habitaciones, Hotel Fontana: Hotel de 3 estrellas situado en el centro de Venecia.\" \/>\n<meta name=\"robots\" content=\"index, follow, max-snippet:-1, max-image-preview:large, max-video-preview:-1\" \/>\n<link rel=\"canonical\" href=\"https:\/\/www.hotelfontana.it\/es\/habitaciones\/\" \/>\n<meta property=\"og:locale\" content=\"es_ES\" \/>\n<meta property=\"og:type\" content=\"article\" \/>\n<meta property=\"og:title\" content=\"Habitaciones | Hotel Fontana\" \/>\n<meta property=\"og:description\" content=\"Habitaciones, Hotel Fontana: Hotel de 3 estrellas situado en el centro de Venecia.\" \/>\n<meta property=\"og:url\" content=\"https:\/\/www.hotelfontana.it\/es\/habitaciones\/\" \/>\n<meta property=\"og:site_name\" content=\"Hotel Fontana\" \/>\n<meta property=\"article:modified_time\" content=\"2017-03-13T15:41:16+00:00\" \/>\n<meta property=\"og:image\" content=\"https:\/\/www.hotelfontana.it\/wp-content\/uploads\/2014\/05\/fontana_singola-280x186.jpg\" \/>\n<meta name=\"twitter:label1\" content=\"Tiempo de lectura\" \/>\n\t<meta name=\"twitter:data1\" content=\"2 minutos\" \/>\n<script type=\"application\/ld+json\" class=\"yoast-schema-graph\">{\"@context\":\"https:\/\/schema.org\",\"@graph\":[{\"@type\":\"WebPage\",\"@id\":\"https:\/\/www.hotelfontana.it\/es\/habitaciones\/\",\"url\":\"https:\/\/www.hotelfontana.it\/es\/habitaciones\/\",\"name\":\"Habitaciones | Hotel Fontana\",\"isPartOf\":{\"@id\":\"https:\/\/www.hotelfontana.it\/es\/#website\"},\"primaryImageOfPage\":{\"@id\":\"https:\/\/www.hotelfontana.it\/es\/habitaciones\/#primaryimage\"},\"image\":{\"@id\":\"https:\/\/www.hotelfontana.it\/es\/habitaciones\/#primaryimage\"},\"thumbnailUrl\":\"https:\/\/www.hotelfontana.it\/wp-content\/uploads\/2014\/05\/fontana_singola-280x186.jpg\",\"datePublished\":\"2014-06-12T09:09:26+00:00\",\"dateModified\":\"2017-03-13T15:41:16+00:00\",\"description\":\"Habitaciones, Hotel Fontana: Hotel de 3 estrellas situado en el centro de Venecia.\",\"breadcrumb\":{\"@id\":\"https:\/\/www.hotelfontana.it\/es\/habitaciones\/#breadcrumb\"},\"inLanguage\":\"es\",\"potentialAction\":[{\"@type\":\"ReadAction\",\"target\":[\"https:\/\/www.hotelfontana.it\/es\/habitaciones\/\"]}]},{\"@type\":\"ImageObject\",\"inLanguage\":\"es\",\"@id\":\"https:\/\/www.hotelfontana.it\/es\/habitaciones\/#primaryimage\",\"url\":\"https:\/\/www.hotelfontana.it\/wp-content\/uploads\/2014\/05\/fontana_singola-280x186.jpg\",\"contentUrl\":\"https:\/\/www.hotelfontana.it\/wp-content\/uploads\/2014\/05\/fontana_singola-280x186.jpg\"},{\"@type\":\"BreadcrumbList\",\"@id\":\"https:\/\/www.hotelfontana.it\/es\/habitaciones\/#breadcrumb\",\"itemListElement\":[{\"@type\":\"ListItem\",\"position\":1,\"name\":\"Home\",\"item\":\"https:\/\/www.hotelfontana.it\/es\/\"},{\"@type\":\"ListItem\",\"position\":2,\"name\":\"Habitaciones\"}]},{\"@type\":\"WebSite\",\"@id\":\"https:\/\/www.hotelfontana.it\/es\/#website\",\"url\":\"https:\/\/www.hotelfontana.it\/es\/\",\"name\":\"Hotel Fontana\",\"description\":\"\",\"potentialAction\":[{\"@type\":\"SearchAction\",\"target\":{\"@type\":\"EntryPoint\",\"urlTemplate\":\"https:\/\/www.hotelfontana.it\/es\/?s={search_term_string}\"},\"query-input\":{\"@type\":\"PropertyValueSpecification\",\"valueRequired\":true,\"valueName\":\"search_term_string\"}}],\"inLanguage\":\"es\"}]}<\/script>\n<!-- \/ Yoast SEO plugin. -->","yoast_head_json":{"title":"Habitaciones | Hotel Fontana","description":"Habitaciones, Hotel Fontana: Hotel de 3 estrellas situado en el centro de Venecia.","robots":{"index":"index","follow":"follow","max-snippet":"max-snippet:-1","max-image-preview":"max-image-preview:large","max-video-preview":"max-video-preview:-1"},"canonical":"https:\/\/www.hotelfontana.it\/es\/habitaciones\/","og_locale":"es_ES","og_type":"article","og_title":"Habitaciones | Hotel Fontana","og_description":"Habitaciones, Hotel Fontana: Hotel de 3 estrellas situado en el centro de Venecia.","og_url":"https:\/\/www.hotelfontana.it\/es\/habitaciones\/","og_site_name":"Hotel Fontana","article_modified_time":"2017-03-13T15:41:16+00:00","og_image":[{"url":"https:\/\/www.hotelfontana.it\/wp-content\/uploads\/2014\/05\/fontana_singola-280x186.jpg","type":"","width":"","height":""}],"twitter_misc":{"Tiempo de lectura":"2 minutos"},"schema":{"@context":"https:\/\/schema.org","@graph":[{"@type":"WebPage","@id":"https:\/\/www.hotelfontana.it\/es\/habitaciones\/","url":"https:\/\/www.hotelfontana.it\/es\/habitaciones\/","name":"Habitaciones | Hotel Fontana","isPartOf":{"@id":"https:\/\/www.hotelfontana.it\/es\/#website"},"primaryImageOfPage":{"@id":"https:\/\/www.hotelfontana.it\/es\/habitaciones\/#primaryimage"},"image":{"@id":"https:\/\/www.hotelfontana.it\/es\/habitaciones\/#primaryimage"},"thumbnailUrl":"https:\/\/www.hotelfontana.it\/wp-content\/uploads\/2014\/05\/fontana_singola-280x186.jpg","datePublished":"2014-06-12T09:09:26+00:00","dateModified":"2017-03-13T15:41:16+00:00","description":"Habitaciones, Hotel Fontana: Hotel de 3 estrellas situado en el centro de Venecia.","breadcrumb":{"@id":"https:\/\/www.hotelfontana.it\/es\/habitaciones\/#breadcrumb"},"inLanguage":"es","potentialAction":[{"@type":"ReadAction","target":["https:\/\/www.hotelfontana.it\/es\/habitaciones\/"]}]},{"@type":"ImageObject","inLanguage":"es","@id":"https:\/\/www.hotelfontana.it\/es\/habitaciones\/#primaryimage","url":"https:\/\/www.hotelfontana.it\/wp-content\/uploads\/2014\/05\/fontana_singola-280x186.jpg","contentUrl":"https:\/\/www.hotelfontana.it\/wp-content\/uploads\/2014\/05\/fontana_singola-280x186.jpg"},{"@type":"BreadcrumbList","@id":"https:\/\/www.hotelfontana.it\/es\/habitaciones\/#breadcrumb","itemListElement":[{"@type":"ListItem","position":1,"name":"Home","item":"https:\/\/www.hotelfontana.it\/es\/"},{"@type":"ListItem","position":2,"name":"Habitaciones"}]},{"@type":"WebSite","@id":"https:\/\/www.hotelfontana.it\/es\/#website","url":"https:\/\/www.hotelfontana.it\/es\/","name":"Hotel Fontana","description":"","potentialAction":[{"@type":"SearchAction","target":{"@type":"EntryPoint","urlTemplate":"https:\/\/www.hotelfontana.it\/es\/?s={search_term_string}"},"query-input":{"@type":"PropertyValueSpecification","valueRequired":true,"valueName":"search_term_string"}}],"inLanguage":"es"}]}},"publishpress_future_action":{"enabled":false,"date":"2026-05-23 16:25:01","action":"change-status","newStatus":"draft","terms":[],"taxonomy":"translation_priority","extraData":[]},"publishpress_future_workflow_manual_trigger":{"enabledWorkflows":[]},"_links":{"self":[{"href":"https:\/\/www.hotelfontana.it\/es\/wp-json\/wp\/v2\/pages\/676","targetHints":{"allow":["GET"]}}],"collection":[{"href":"https:\/\/www.hotelfontana.it\/es\/wp-json\/wp\/v2\/pages"}],"about":[{"href":"https:\/\/www.hotelfontana.it\/es\/wp-json\/wp\/v2\/types\/page"}],"author":[{"embeddable":true,"href":"https:\/\/www.hotelfontana.it\/es\/wp-json\/wp\/v2\/users\/25"}],"replies":[{"embeddable":true,"href":"https:\/\/www.hotelfontana.it\/es\/wp-json\/wp\/v2\/comments?post=676"}],"version-history":[{"count":3,"href":"https:\/\/www.hotelfontana.it\/es\/wp-json\/wp\/v2\/pages\/676\/revisions"}],"predecessor-version":[{"id":1038,"href":"https:\/\/www.hotelfontana.it\/es\/wp-json\/wp\/v2\/pages\/676\/revisions\/1038"}],"wp:attachment":[{"href":"https:\/\/www.hotelfontana.it\/es\/wp-json\/wp\/v2\/media?parent=676"}],"curies":[{"name":"wp","href":"https:\/\/api.w.org\/{rel}","templated":true}]}}